{"id":95,"date":"2016-04-18T12:45:21","date_gmt":"2016-04-18T12:45:21","guid":{"rendered":"http:\/\/test4.forum-5w.ch\/?page_id=95"},"modified":"2018-03-02T14:56:10","modified_gmt":"2018-03-02T12:56:10","slug":"sozialbehoerde","status":"publish","type":"page","link":"https:\/\/test4.forum-5w.ch\/?page_id=95","title":{"rendered":"Sozialbeh\u00f6rde"},"content":{"rendered":"<p>Seit den Wahlen 2006 vertritt Jean-Marc von Gunten das Forum 5W<\/p>\n<p><a href=\"http:\/\/test4.forum-5w.ch\/wp-content\/uploads\/2018\/03\/Jean-Marc-1-e1519995350243.jpg\"><img loading=\"lazy\" class=\"alignnone  wp-image-647\" src=\"http:\/\/test4.forum-5w.ch\/wp-content\/uploads\/2018\/03\/Jean-Marc-1-286x300.jpg\" alt=\"\" width=\"171\" height=\"179\" \/><\/a><\/p>\n<table width=\"832\">\n<tbody>\n<tr>\n<td width=\"185\">Vorname:<\/td>\n<td width=\"648\">Jean-Marc<\/td>\n<\/tr>\n<tr>\n<td width=\"185\">Nachname:<\/td>\n<td width=\"648\">von Gunten<\/td>\n<\/tr>\n<tr>\n<td width=\"185\">Jahrgang:<\/td>\n<td width=\"648\">1961<\/td>\n<\/tr>\n<tr>\n<td width=\"185\">Beruf:<\/td>\n<td width=\"648\">Dr. iur. Rechtsanwalt<\/td>\n<\/tr>\n<tr>\n<td width=\"185\">Familie:<\/td>\n<td width=\"648\">Verheiratet und Vater von drei Kindern<\/td>\n<\/tr>\n<tr>\n<td width=\"185\">Wohnort:<\/td>\n<td width=\"648\">Zollikerberg<\/td>\n<\/tr>\n<tr>\n<td width=\"185\">Amt:<\/td>\n<td width=\"648\">Sozialbeh\u00f6rde<\/td>\n<\/tr>\n<tr>\n<td width=\"185\">Motivation:<\/td>\n<td width=\"648\">\u201cDie Qualit\u00e4t der Milizbeh\u00f6rden zeigt sich im Fachwissen und der Erfahrung ihrer Mitglieder.&#8221;<\/p>\n<p>&nbsp;<\/p>\n<p>Dr. iur. Rechtsanwalt, Partner einer Anwaltskanzlei in Z\u00fcrich.<\/p>\n<p>Aufgewachsen und zur Schule gegangen bin ich in Zollikon, wo ich stets auch einen grossen Teil meiner Freizeit verbrachte. Nach Jahren in Ausland und im S\u00e4uliamt lebe ich mit meiner Familie seit 1996 im Zollikerberg.<\/p>\n<p>Hier sch\u00e4tze ich die hohe Lebensqualit\u00e4t. Ich werde mich daf\u00fcr einsetzen, dass sie erhalten bleibt. Als Mitglied der Sozialbeh\u00f6rde k\u00fcmmere ich mich um einen sorgf\u00e4ltigen Umgang mit Steuergeldern. Als Rechtsanwalt bringe ich praktische Erfahrungen im Bereich der vormundschaftlichen Massnahmen mit. Ich glaube deshalb, f\u00fcr dieses Amt geeignet zu sein.<\/p>\n<p>&nbsp;<\/p>\n<p>Haben Sie eine Frage an Jean-Marc von Gunten? Dann schreiben Sie doch eine E-Mail an folgende Adresse:\u00a0<a href=\"mailto:jean-marc.vongunten@forum-5w.ch\">jean-marc.vongunten@forum-5w.ch<\/a><\/p>\n<p>&nbsp;<\/p>\n<p>&nbsp;<\/td>\n<\/tr>\n<\/tbody>\n<\/table>\n","protected":false},"excerpt":{"rendered":"<div class=\"mh-excerpt\"><p>Seit den Wahlen 2006 vertritt Jean-Marc von Gunten das Forum 5W Vorname: Jean-Marc Nachname: von Gunten Jahrgang: 1961 Beruf: Dr. iur. Rechtsanwalt Familie: Verheiratet und Vater von drei Kindern Wohnort: Zollikerberg Amt: Sozialbeh\u00f6rde Motivation: \u201cDie <a class=\"mh-excerpt-more\" href=\"https:\/\/test4.forum-5w.ch\/?page_id=95\" title=\"Sozialbeh\u00f6rde\">[&#8230;]<\/a><\/p>\n<\/div>","protected":false},"author":2,"featured_media":0,"parent":57,"menu_order":0,"comment_status":"closed","ping_status":"closed","template":"","meta":[],"_links":{"self":[{"href":"https:\/\/test4.forum-5w.ch\/index.php?rest_route=\/wp\/v2\/pages\/95"}],"collection":[{"href":"https:\/\/test4.forum-5w.ch\/index.php?rest_route=\/wp\/v2\/pages"}],"about":[{"href":"https:\/\/test4.forum-5w.ch\/index.php?rest_route=\/wp\/v2\/types\/page"}],"author":[{"embeddable":true,"href":"https:\/\/test4.forum-5w.ch\/index.php?rest_route=\/wp\/v2\/users\/2"}],"replies":[{"embeddable":true,"href":"https:\/\/test4.forum-5w.ch\/index.php?rest_route=%2Fwp%2Fv2%2Fcomments&post=95"}],"version-history":[{"count":6,"href":"https:\/\/test4.forum-5w.ch\/index.php?rest_route=\/wp\/v2\/pages\/95\/revisions"}],"predecessor-version":[{"id":661,"href":"https:\/\/test4.forum-5w.ch\/index.php?rest_route=\/wp\/v2\/pages\/95\/revisions\/661"}],"up":[{"embeddable":true,"href":"https:\/\/test4.forum-5w.ch\/index.php?rest_route=\/wp\/v2\/pages\/57"}],"wp:attachment":[{"href":"https:\/\/test4.forum-5w.ch\/index.php?rest_route=%2Fwp%2Fv2%2Fmedia&parent=95"}],"curies":[{"name":"wp","href":"https:\/\/api.w.org\/{rel}","templated":true}]}}