{"id":893,"date":"2021-11-15T13:54:11","date_gmt":"2021-11-15T12:54:11","guid":{"rendered":"http:\/\/test4.forum-5w.ch\/?page_id=893"},"modified":"2021-11-15T13:54:11","modified_gmt":"2021-11-15T12:54:11","slug":"solarnutzung","status":"publish","type":"page","link":"https:\/\/test4.forum-5w.ch\/?page_id=893","title":{"rendered":"Solarnutzung"},"content":{"rendered":"\n<p>Das Forum-5W m\u00f6chte die Solarnutzung in unserer Gemeinde f\u00f6rdern. Viele D\u00e4cher eignen sich f\u00fcr Photovoltaik-Panelen. <\/p>\n\n\n\n<p>Falls der eigene Stromverbrauch kleiner ist als der selbstproduzierte Stroms so muss dieser zu sehr tiefen Preisen an die Werke am Z\u00fcrichsee (WAZ) verkauft werden.  Viel besser w\u00e4re es, wenn benachbarte H\u00e4user &#8220;virtuell&#8221; zusammengeschlossen werden k\u00f6nnten und so kann der Ueberschuss-Strom dem Nachbarn zur Verf\u00fcgung gestellt werden. Das nennt man &#8220;Eigenverbrauchs-Gemeinschaft&#8221; (EVG). <\/p>\n\n\n\n<p>Das Forum-5W fordert, dass die Gemeinde \u00fcber ihre &#8220;Netzanstalt&#8221; (Eigent\u00fcmerin des Elektritrizit\u00e4tsnetzes) via WAZ attraktive Angebote macht\/f\u00f6rdert, die im Interesse der nationalen Energiestrategie sind und dass die Aktion\u00e4rs-Interessen der WAZ (stattliche Gewinnerzielung) zur\u00fcckgestellt werden.<\/p>\n","protected":false},"excerpt":{"rendered":"<div class=\"mh-excerpt\"><p>Das Forum-5W m\u00f6chte die Solarnutzung in unserer Gemeinde f\u00f6rdern. Viele D\u00e4cher eignen sich f\u00fcr Photovoltaik-Panelen. Falls der eigene Stromverbrauch kleiner ist als der selbstproduzierte Stroms so muss dieser zu sehr tiefen Preisen an die Werke <a class=\"mh-excerpt-more\" href=\"https:\/\/test4.forum-5w.ch\/?page_id=893\" title=\"Solarnutzung\">[&#8230;]<\/a><\/p>\n<\/div>","protected":false},"author":2,"featured_media":0,"parent":53,"menu_order":0,"comment_status":"open","ping_status":"closed","template":"template-full.php","meta":[],"_links":{"self":[{"href":"https:\/\/test4.forum-5w.ch\/index.php?rest_route=\/wp\/v2\/pages\/893"}],"collection":[{"href":"https:\/\/test4.forum-5w.ch\/index.php?rest_route=\/wp\/v2\/pages"}],"about":[{"href":"https:\/\/test4.forum-5w.ch\/index.php?rest_route=\/wp\/v2\/types\/page"}],"author":[{"embeddable":true,"href":"https:\/\/test4.forum-5w.ch\/index.php?rest_route=\/wp\/v2\/users\/2"}],"replies":[{"embeddable":true,"href":"https:\/\/test4.forum-5w.ch\/index.php?rest_route=%2Fwp%2Fv2%2Fcomments&post=893"}],"version-history":[{"count":1,"href":"https:\/\/test4.forum-5w.ch\/index.php?rest_route=\/wp\/v2\/pages\/893\/revisions"}],"predecessor-version":[{"id":894,"href":"https:\/\/test4.forum-5w.ch\/index.php?rest_route=\/wp\/v2\/pages\/893\/revisions\/894"}],"up":[{"embeddable":true,"href":"https:\/\/test4.forum-5w.ch\/index.php?rest_route=\/wp\/v2\/pages\/53"}],"wp:attachment":[{"href":"https:\/\/test4.forum-5w.ch\/index.php?rest_route=%2Fwp%2Fv2%2Fmedia&parent=893"}],"curies":[{"name":"wp","href":"https:\/\/api.w.org\/{rel}","templated":true}]}}