{"id":870,"date":"2021-11-15T11:42:03","date_gmt":"2021-11-15T10:42:03","guid":{"rendered":"http:\/\/test4.forum-5w.ch\/?page_id=870"},"modified":"2021-11-15T11:44:38","modified_gmt":"2021-11-15T10:44:38","slug":"sabine-knuesli-2","status":"publish","type":"page","link":"https:\/\/test4.forum-5w.ch\/?page_id=870","title":{"rendered":"Sabine Kn\u00fcsli"},"content":{"rendered":"\n<figure class=\"wp-block-image\"><a href=\"http:\/\/test4.forum-5w.ch\/wp-content\/uploads\/2018\/09\/P-SabineKnuesli-400.jpg\"><img loading=\"lazy\" width=\"225\" height=\"300\" src=\"http:\/\/test4.forum-5w.ch\/wp-content\/uploads\/2018\/09\/P-SabineKnuesli-400-225x300.jpg\" alt=\"\" class=\"wp-image-695\"\/><\/a><\/figure>\n\n\n\n<figure class=\"wp-block-table\"><table><tbody><tr><td><strong>Vorname:<\/strong><\/td><td>Sabine<\/td><\/tr><tr><td><strong>Nachname:<\/strong><\/td><td>Kn\u00fcsli-Suter<\/td><\/tr><tr><td><strong>Beruf:<\/strong><\/td><td>lic. iur. Rechtsanw\u00e4ltin<\/td><\/tr><tr><td><strong>Jahrgang:<\/strong><\/td><td>1975<\/td><\/tr><tr><td><strong>Familie:<\/strong><\/td><td>verheiratet, Mutter von drei Kindern im Primarschulalter<\/td><\/tr><tr><td><strong>Wohnort:<\/strong><\/td><td>Zollikon, seit 1977 (2001 \u2013 2009 in Z\u00fcrich und im Ausland)<\/td><\/tr><tr><td><strong>Amt:<\/strong><\/td><td>Schulpflege (bisher)<\/td><\/tr><tr><td><strong>Slogan:<\/strong><\/td><td>Engagiert f\u00fcr eine lebendige Schule, die fordert, f\u00f6rdert und Freude macht.<\/td><\/tr><tr><td><strong>Motivation<\/strong><\/td><td>Wen w\u00e4hlen Sie und warum kandidiere ich? <br><br>Als Zollikerin und Mutter von drei Kindern (2., 4. und 6. Klasse) weiss ich, was der Schulalltag f\u00fcr Eltern und ihre Kinder bedeutet. Ich bin beruflich als Anw\u00e4ltin in der Rechtsberatung f\u00fcr die \u00f6ffentliche Hand t\u00e4tig und kenne daher die rechtlichen Rahmenbedingungen und die t\u00e4glichen Herausforderungen des Gemeinde- und Schulwesens bestens. Durch meine bisherige T\u00e4tigkeit in der Schulpflege habe ich die unterschiedlichen Bed\u00fcrfnisse von Eltern, Lehrk\u00f6rper, Schulleitung und Sch\u00fclern aus erster Hand kennen gelernt. Die Fragen und Anliegen sind vielf\u00e4ltig, komplex und spannend. Deren Beantwortung erfordert Einf\u00fchlungsverm\u00f6gen, Weitblick und ein entscheidungssicheres Handeln mit Herz und Verstand. Unsere Zolliker Schule soll den Mut haben, an Bew\u00e4hrtem festzuhalten, den Raum f\u00fcr Ver\u00e4nderungen schaffen und als verl\u00e4sslicher Partner Eltern wie Kinder in die Zukunft begleiten. Im vollsten Vertrauen darauf, dass sich ein Investieren in und ein Engagement f\u00fcr die Bildung immer lohnen, packe ich die anstehenden Herausforderungen an. Wir haben schon viel erreicht und haben noch einiges vor. Darum kandidiere ich f\u00fcr weitere vier Jahre f\u00fcr die Schulpflege.<br><br><\/td><\/tr><\/tbody><\/table><\/figure>\n","protected":false},"excerpt":{"rendered":"<div class=\"mh-excerpt\"><p>Vorname: Sabine Nachname: Kn\u00fcsli-Suter Beruf: lic. iur. Rechtsanw\u00e4ltin Jahrgang: 1975 Familie: verheiratet, Mutter von drei Kindern im Primarschulalter Wohnort: Zollikon, seit 1977 (2001 \u2013 2009 in Z\u00fcrich und im Ausland) Amt: Schulpflege (bisher) Slogan: Engagiert <a class=\"mh-excerpt-more\" href=\"https:\/\/test4.forum-5w.ch\/?page_id=870\" title=\"Sabine Kn\u00fcsli\">[&#8230;]<\/a><\/p>\n<\/div>","protected":false},"author":18,"featured_media":0,"parent":795,"menu_order":0,"comment_status":"closed","ping_status":"closed","template":"","meta":[],"_links":{"self":[{"href":"https:\/\/test4.forum-5w.ch\/index.php?rest_route=\/wp\/v2\/pages\/870"}],"collection":[{"href":"https:\/\/test4.forum-5w.ch\/index.php?rest_route=\/wp\/v2\/pages"}],"about":[{"href":"https:\/\/test4.forum-5w.ch\/index.php?rest_route=\/wp\/v2\/types\/page"}],"author":[{"embeddable":true,"href":"https:\/\/test4.forum-5w.ch\/index.php?rest_route=\/wp\/v2\/users\/18"}],"replies":[{"embeddable":true,"href":"https:\/\/test4.forum-5w.ch\/index.php?rest_route=%2Fwp%2Fv2%2Fcomments&post=870"}],"version-history":[{"count":1,"href":"https:\/\/test4.forum-5w.ch\/index.php?rest_route=\/wp\/v2\/pages\/870\/revisions"}],"predecessor-version":[{"id":871,"href":"https:\/\/test4.forum-5w.ch\/index.php?rest_route=\/wp\/v2\/pages\/870\/revisions\/871"}],"up":[{"embeddable":true,"href":"https:\/\/test4.forum-5w.ch\/index.php?rest_route=\/wp\/v2\/pages\/795"}],"wp:attachment":[{"href":"https:\/\/test4.forum-5w.ch\/index.php?rest_route=%2Fwp%2Fv2%2Fmedia&parent=870"}],"curies":[{"name":"wp","href":"https:\/\/api.w.org\/{rel}","templated":true}]}}