{"id":850,"date":"2021-11-15T11:17:18","date_gmt":"2021-11-15T10:17:18","guid":{"rendered":"http:\/\/test4.forum-5w.ch\/?page_id=850"},"modified":"2021-11-15T13:42:32","modified_gmt":"2021-11-15T12:42:32","slug":"rgpk-thomas-winkler","status":"publish","type":"page","link":"https:\/\/test4.forum-5w.ch\/?page_id=850","title":{"rendered":"Thomas Winkler"},"content":{"rendered":"\n<p>F\u00fcr die Wahlen 2022 kandidiert Thomas Winkler.<\/p>\n\n\n\n<figure class=\"wp-block-image size-full\"><a href=\"http:\/\/test4.forum-5w.ch\/wp-content\/uploads\/2017\/03\/5W_Punkt_gelb.jpg\"><img loading=\"lazy\" width=\"200\" height=\"200\" src=\"http:\/\/test4.forum-5w.ch\/wp-content\/uploads\/2017\/03\/5W_Punkt_gelb.jpg\" alt=\"\" class=\"wp-image-623\" srcset=\"https:\/\/test4.forum-5w.ch\/wp-content\/uploads\/2017\/03\/5W_Punkt_gelb.jpg 200w, https:\/\/test4.forum-5w.ch\/wp-content\/uploads\/2017\/03\/5W_Punkt_gelb-150x150.jpg 150w\" sizes=\"(max-width: 200px) 100vw, 200px\" \/><\/a><\/figure>\n\n\n\n<figure class=\"wp-block-table\"><table><tbody><tr><td><strong>Vorname:<\/strong><\/td><td>Thomas<\/td><\/tr><tr><td><strong>Nachname:<\/strong><\/td><td>Winkler<\/td><\/tr><tr><td><strong>Jahrgang:<\/strong><\/td><td>1973<\/td><\/tr><tr><td><strong>Beruf:<\/strong><\/td><td>Dr. iur. Rechtsanwalt, Partner einer Anwaltskanzlei in Z\u00fcrich.<\/td><\/tr><tr><td><strong>Familie:<\/strong><\/td><td>Verheiratet, Vater von zwei Kindern<\/td><\/tr><tr><td><strong>Wohnort:<\/strong><\/td><td>Zollikon Dorf<\/td><\/tr><tr><td><strong>Amt:<\/strong><\/td><td>Mitglied GRPK<\/td><\/tr><tr><td><strong>Motivation:<\/strong><\/td><td>\u201cSeit vielen Jahren wohne ich mit meiner Familie in Zollikon.<br><br>Nun m\u00f6chte ich einen aktiven Beitrag zur F\u00f6rderung der Lebensqualit\u00e4t in dieser sch\u00f6nen Gemeinde leisten. &nbsp; Nach der Totalrevision der Gemeindeordnung w\u00e4hlt Zollikon im Jahr 2022 erstmals eine Gesch\u00e4fts- und Rechnungspr\u00fcfungskommission (GRPK). Im Vergleich zur bisherigen Rechnungspr\u00fcfungskommission (RPK), welche Gesch\u00e4fte der Gemeinde nur finanzpolitisch begutachten konnte, hat die neu geschaffene GRPK auch die M\u00f6glichkeit, ein Gesch\u00e4ft in sachlicher Hinsicht zu pr\u00fcfen. <br><br>Als Mitglieder der GRPK w\u00fcrde ich diese erweitere Kompetenz n\u00fctzen und mich auf diese Weise f\u00fcr einen angemessenen Umfang mit Steuergeldern und die F\u00f6rderung der Lebensqualit\u00e4t in der Gemeinde Zollikon einsetzen.<br><\/td><\/tr><\/tbody><\/table><\/figure>\n","protected":false},"excerpt":{"rendered":"<div class=\"mh-excerpt\"><p>F\u00fcr die Wahlen 2022 kandidiert Thomas Winkler. Vorname: Thomas Nachname: Winkler Jahrgang: 1973 Beruf: Dr. iur. Rechtsanwalt, Partner einer Anwaltskanzlei in Z\u00fcrich. Familie: Verheiratet, Vater von zwei Kindern Wohnort: Zollikon Dorf Amt: Mitglied GRPK Motivation: <a class=\"mh-excerpt-more\" href=\"https:\/\/test4.forum-5w.ch\/?page_id=850\" title=\"Thomas Winkler\">[&#8230;]<\/a><\/p>\n<\/div>","protected":false},"author":18,"featured_media":0,"parent":772,"menu_order":0,"comment_status":"closed","ping_status":"closed","template":"","meta":[],"_links":{"self":[{"href":"https:\/\/test4.forum-5w.ch\/index.php?rest_route=\/wp\/v2\/pages\/850"}],"collection":[{"href":"https:\/\/test4.forum-5w.ch\/index.php?rest_route=\/wp\/v2\/pages"}],"about":[{"href":"https:\/\/test4.forum-5w.ch\/index.php?rest_route=\/wp\/v2\/types\/page"}],"author":[{"embeddable":true,"href":"https:\/\/test4.forum-5w.ch\/index.php?rest_route=\/wp\/v2\/users\/18"}],"replies":[{"embeddable":true,"href":"https:\/\/test4.forum-5w.ch\/index.php?rest_route=%2Fwp%2Fv2%2Fcomments&post=850"}],"version-history":[{"count":2,"href":"https:\/\/test4.forum-5w.ch\/index.php?rest_route=\/wp\/v2\/pages\/850\/revisions"}],"predecessor-version":[{"id":889,"href":"https:\/\/test4.forum-5w.ch\/index.php?rest_route=\/wp\/v2\/pages\/850\/revisions\/889"}],"up":[{"embeddable":true,"href":"https:\/\/test4.forum-5w.ch\/index.php?rest_route=\/wp\/v2\/pages\/772"}],"wp:attachment":[{"href":"https:\/\/test4.forum-5w.ch\/index.php?rest_route=%2Fwp%2Fv2%2Fmedia&parent=850"}],"curies":[{"name":"wp","href":"https:\/\/api.w.org\/{rel}","templated":true}]}}