{"id":844,"date":"2021-11-15T11:07:57","date_gmt":"2021-11-15T10:07:57","guid":{"rendered":"http:\/\/test4.forum-5w.ch\/?page_id=844"},"modified":"2021-11-15T13:43:15","modified_gmt":"2021-11-15T12:43:15","slug":"rgpk-doris-stuessi","status":"publish","type":"page","link":"https:\/\/test4.forum-5w.ch\/?page_id=844","title":{"rendered":"Doris St\u00fcssi"},"content":{"rendered":"\n<p>F\u00fcr die Wahlen 2022 kandidiert Doris St\u00fcssi.<\/p>\n\n\n\n<figure class=\"wp-block-table\"><table><tbody><tr><td><strong>Vorname:<\/strong><\/td><td>Doris<\/td><\/tr><tr><td><strong>Nachname:<\/strong><\/td><td>St\u00fcssi-Bellofatto<\/td><\/tr><tr><td><strong>Jahrgang:<\/strong><\/td><td>1974<\/td><\/tr><tr><td><strong>Beruf:<\/strong><\/td><td>Juristin<\/td><\/tr><tr><td><strong>Familie:<\/strong><\/td><td>verheiratet und Mutter von drei Kindern<\/td><\/tr><tr><td><strong>Wohnort:<\/strong><\/td><td>Zollikon<\/td><\/tr><tr><td><strong>Amt:<\/strong><\/td><td>Mitglied GRPK<\/td><\/tr><tr><td><strong>Motivation:<\/strong><\/td><td>Gesunde Finanzen f\u00fcr eine attraktive Gemeinde<br><br>Geboren und aufgewachsen im Z\u00fcrcher Seefeld wohne ich mit meiner Familie seit 2004 in Zollikon. <br><br>Da es mir hier sehr gut gef\u00e4llt, m\u00f6chte auch ich einen Beitrag zum Wohle der Gemeinde leisten. Aus diesem Grund kandidiere ich f\u00fcr einen Sitz in der GRPK. Sowohl beruflich, pers\u00f6nlich, als auch politisch kann ich mich auf eine reiche und vielseitige Lebenserfahrung abst\u00fctzen. Diese Erfahrungen m\u00f6chte ich in die GRPK einbringen k\u00f6nnen. &nbsp;<br><br><\/td><\/tr><\/tbody><\/table><\/figure>\n","protected":false},"excerpt":{"rendered":"<div class=\"mh-excerpt\"><p>F\u00fcr die Wahlen 2022 kandidiert Doris St\u00fcssi. Vorname: Doris Nachname: St\u00fcssi-Bellofatto Jahrgang: 1974 Beruf: Juristin Familie: verheiratet und Mutter von drei Kindern Wohnort: Zollikon Amt: Mitglied GRPK Motivation: Gesunde Finanzen f\u00fcr eine attraktive Gemeinde Geboren <a class=\"mh-excerpt-more\" href=\"https:\/\/test4.forum-5w.ch\/?page_id=844\" title=\"Doris St\u00fcssi\">[&#8230;]<\/a><\/p>\n<\/div>","protected":false},"author":18,"featured_media":0,"parent":772,"menu_order":0,"comment_status":"closed","ping_status":"closed","template":"","meta":[],"_links":{"self":[{"href":"https:\/\/test4.forum-5w.ch\/index.php?rest_route=\/wp\/v2\/pages\/844"}],"collection":[{"href":"https:\/\/test4.forum-5w.ch\/index.php?rest_route=\/wp\/v2\/pages"}],"about":[{"href":"https:\/\/test4.forum-5w.ch\/index.php?rest_route=\/wp\/v2\/types\/page"}],"author":[{"embeddable":true,"href":"https:\/\/test4.forum-5w.ch\/index.php?rest_route=\/wp\/v2\/users\/18"}],"replies":[{"embeddable":true,"href":"https:\/\/test4.forum-5w.ch\/index.php?rest_route=%2Fwp%2Fv2%2Fcomments&post=844"}],"version-history":[{"count":4,"href":"https:\/\/test4.forum-5w.ch\/index.php?rest_route=\/wp\/v2\/pages\/844\/revisions"}],"predecessor-version":[{"id":891,"href":"https:\/\/test4.forum-5w.ch\/index.php?rest_route=\/wp\/v2\/pages\/844\/revisions\/891"}],"up":[{"embeddable":true,"href":"https:\/\/test4.forum-5w.ch\/index.php?rest_route=\/wp\/v2\/pages\/772"}],"wp:attachment":[{"href":"https:\/\/test4.forum-5w.ch\/index.php?rest_route=%2Fwp%2Fv2%2Fmedia&parent=844"}],"curies":[{"name":"wp","href":"https:\/\/api.w.org\/{rel}","templated":true}]}}