{"id":834,"date":"2021-11-15T11:40:34","date_gmt":"2021-11-15T09:40:34","guid":{"rendered":"http:\/\/test4.forum-5w.ch\/?page_id=834"},"modified":"2021-11-15T11:40:34","modified_gmt":"2021-11-15T09:40:34","slug":"baubehoerde22","status":"publish","type":"page","link":"https:\/\/test4.forum-5w.ch\/?page_id=834","title":{"rendered":"Regula Harder"},"content":{"rendered":"\n<p>Seit den Wahlen 2014 vertritt Regula Harder das Forum 5W in der Baubeh\u00f6rde. Sie stellt sich f\u00fcr die neue Amtsperiode 2022-2026 gerne wieder zur Verf\u00fcgung.<\/p>\n\n\n\n<figure class=\"wp-block-image\"><a href=\"http:\/\/test4.forum-5w.ch\/wp-content\/uploads\/2018\/03\/Regula-1-e1519993934349.jpg\"><img loading=\"lazy\" width=\"400\" height=\"420\" src=\"http:\/\/test4.forum-5w.ch\/wp-content\/uploads\/2018\/03\/Regula-1-e1519993934349.jpg\" alt=\"\" class=\"wp-image-643\"\/><\/a><\/figure>\n\n\n\n<figure class=\"wp-block-table\"><table><tbody><tr><td><strong>Vorname:<\/strong><\/td><td>Regula<\/td><\/tr><tr><td><strong>Nachname:<\/strong><\/td><td>Harder<\/td><\/tr><tr><td><strong>Jahrgang:<\/strong><\/td><td>1966<\/td><\/tr><tr><td><strong>Beruf:<\/strong><\/td><td>Dipl. Architektin ETH\/SIA\/BSA<\/td><\/tr><tr><td><strong>Familie:<\/strong><\/td><td>Mutter von 3 jugendlichen und erwachsenen S\u00f6hnen<\/td><\/tr><tr><td><strong>Wohnort:<\/strong><\/td><td>Zollikon Dorf<\/td><\/tr><tr><td><strong>Amt:<\/strong><\/td><td>Mitglied der Baubeh\u00f6rde seit 2014<\/td><\/tr><tr><td><strong>Motivation:<\/strong><\/td><td><strong>gutes Bauen schafft attraktiven Lebensraum<\/strong> <br><br>Seit 17 Jahren wohne ich mit meiner Familie in Zollikon und bin seit 2014 ein engagiertes Mitglied der Baubeh\u00f6rde. <br><br>Die hohe ortsbauliche Qualit\u00e4t Zollikons gilt es zu erhalten und weiterzuentwickeln. Mit einer gesamtheitlichen fachlichen Sicht m\u00f6chte ich zu den wichtigen anstehenden Themen beitragen. Dies sind nebst der Beurteilung aller Baugesuche eine gute Revision der Bau- und Zonenordnung und die sorgf\u00e4ltige bauliche Entwicklung von wichtigen Arealen in der Gemeinde, welche das k\u00fcnftige Ortsbild Zollikons massgebend pr\u00e4gen werden. <br><br>Als Architektin f\u00fchre ich das B\u00fcro Harder Spreyermann Architekten ETH\/SIA\/BSA AG in Z\u00fcrich und bin nebst Projekten im In- und Ausland vertraut mit dem Bauen in Zollikon, insbesondere mit den Neubauten des Schulhauses Oescher, der Erneuerung der Abdankungshalle Dorf und mit zahlreichen Neu- und Umbauten f\u00fcr private Wohnbauten. Zudem kann ich wichtige Erfahrungen in die Baubeh\u00f6rde einbringen aus meiner T\u00e4tigkeit als Fachexpertin in \u00e4hnlichen Gremien wie dem Gestaltungsbeirat Bregenz und der Stadtbildkommission Schaffhausen sowie als Fachjurorin von zahlreichen Wettbewerben. <br><br>Haben Sie eine Frage an Regual Harder? Dann schreiben Sie doch eine E-Mail an folgende Adresse: regula.harder@harderspreyermann.ch \u00a0<\/td><\/tr><\/tbody><\/table><\/figure>\n","protected":false},"excerpt":{"rendered":"<div class=\"mh-excerpt\"><p>Seit den Wahlen 2014 vertritt Regula Harder das Forum 5W in der Baubeh\u00f6rde. Sie stellt sich f\u00fcr die neue Amtsperiode 2022-2026 gerne wieder zur Verf\u00fcgung. Vorname: Regula Nachname: Harder Jahrgang: 1966 Beruf: Dipl. Architektin ETH\/SIA\/BSA <a class=\"mh-excerpt-more\" href=\"https:\/\/test4.forum-5w.ch\/?page_id=834\" title=\"Regula Harder\">[&#8230;]<\/a><\/p>\n<\/div>","protected":false},"author":18,"featured_media":0,"parent":0,"menu_order":0,"comment_status":"closed","ping_status":"closed","template":"","meta":[],"_links":{"self":[{"href":"https:\/\/test4.forum-5w.ch\/index.php?rest_route=\/wp\/v2\/pages\/834"}],"collection":[{"href":"https:\/\/test4.forum-5w.ch\/index.php?rest_route=\/wp\/v2\/pages"}],"about":[{"href":"https:\/\/test4.forum-5w.ch\/index.php?rest_route=\/wp\/v2\/types\/page"}],"author":[{"embeddable":true,"href":"https:\/\/test4.forum-5w.ch\/index.php?rest_route=\/wp\/v2\/users\/18"}],"replies":[{"embeddable":true,"href":"https:\/\/test4.forum-5w.ch\/index.php?rest_route=%2Fwp%2Fv2%2Fcomments&post=834"}],"version-history":[{"count":0,"href":"https:\/\/test4.forum-5w.ch\/index.php?rest_route=\/wp\/v2\/pages\/834\/revisions"}],"wp:attachment":[{"href":"https:\/\/test4.forum-5w.ch\/index.php?rest_route=%2Fwp%2Fv2%2Fmedia&parent=834"}],"curies":[{"name":"wp","href":"https:\/\/api.w.org\/{rel}","templated":true}]}}