{"id":792,"date":"2021-11-01T14:55:45","date_gmt":"2021-11-01T13:55:45","guid":{"rendered":"http:\/\/test4.forum-5w.ch\/?page_id=226"},"modified":"2021-11-15T14:18:23","modified_gmt":"2021-11-15T13:18:23","slug":"virginie-tschannen","status":"publish","type":"page","link":"https:\/\/test4.forum-5w.ch\/?page_id=792","title":{"rendered":"Virginie Tschannen"},"content":{"rendered":"\n<figure class=\"wp-block-image size-full\"><a href=\"http:\/\/test4.forum-5w.ch\/wp-content\/uploads\/2017\/03\/5W_Punkt_gelb.jpg\"><img loading=\"lazy\" width=\"200\" height=\"200\" src=\"http:\/\/test4.forum-5w.ch\/wp-content\/uploads\/2017\/03\/5W_Punkt_gelb.jpg\" alt=\"\" class=\"wp-image-623\" srcset=\"https:\/\/test4.forum-5w.ch\/wp-content\/uploads\/2017\/03\/5W_Punkt_gelb.jpg 200w, https:\/\/test4.forum-5w.ch\/wp-content\/uploads\/2017\/03\/5W_Punkt_gelb-150x150.jpg 150w\" sizes=\"(max-width: 200px) 100vw, 200px\" \/><\/a><\/figure>\n\n\n\n<figure class=\"wp-block-table\"><table><tbody><tr><td><strong>Vorname:<\/strong><\/td><td>Virginie<\/td><\/tr><tr><td><strong>Nachname:<\/strong><\/td><td>Tschannen Tr\u00fcb<\/td><\/tr><tr><td><strong>Jahrgang:<\/strong><\/td><td>&nbsp;<\/td><\/tr><tr><td><strong>Beruf:<\/strong><\/td><td>&nbsp;<\/td><\/tr><tr><td><strong>Familie:<\/strong><\/td><td>Verheiratet 1 Tochter<\/td><\/tr><tr><td><strong>Wohnort:<\/strong><\/td><td>Zollikerberg<\/td><\/tr><tr><td><strong>Amt:<\/strong><\/td><td>Mitglied der Schulpflege<\/td><\/tr><tr><td><strong>Motivation:<\/strong><\/td><td>Sozialkompetenz mit Herz \u00a0<br><br>In der Schule wird nicht \u00abnur\u00bb Wissen vermittelt, in der Schule spielt sich ein wichtiger Teil des sozialen Lebens unserer Kinder ab. Aus diesem Grund m\u00f6chte ich mich als Sozialarbeiterin FH f\u00fcr eine Schule einsetzen, in der die Kinder neugierig und offen sind und in der sie sich wohl f\u00fchlen. Ich bin \u00fcberzeugt, dass in der heutigen und k\u00fcnftigen Berufswelt \u00absoziale F\u00e4higkeiten\u00bb wie z.B. Team- und Kommunikationsf\u00e4higkeit gefragter sind denn je. Vernetzt arbeiten und L\u00f6sungen gemeinsam angehen sind f\u00fcr mich grundlegende Elemente, die ich gerne bei der Beh\u00f6rdent\u00e4tigkeit einbringen m\u00f6chte. Durch mein fr\u00fcheres Engagement f\u00fcr die Sozialbeh\u00f6rde Zollikon und mit meiner beruflichen T\u00e4tigkeit als Sozialarbeiterin habe ich Erfahrungen mit Menschen verschiedenster Herkunft und den unterschiedlichsten Problemstellungen gesammelt. Gerne w\u00fcrde ich mich k\u00fcnftig f\u00fcr Kindergarten und Schulkinder einsetzen \u00abbevor\u00bb Probleme entstehen, welche sich auf eine sp\u00e4tere Laufbahn ung\u00fcnstig auswirken. In meiner Arbeit ist mir eine unabh\u00e4ngige Sichtweise und die Einnahme einer Vogelperspektive wichtig, damit gelingt es h\u00e4ufig, auch in verfahrenen Situationen L\u00f6sungen zu finden. Und als letztes, aber nicht weniger wichtig, bin ich in Zollikon\/Zollikerberg verwurzelt und m\u00f6chte mich f\u00fcr \u00abmeine\u00bb Gemeinde einsetzen. <br><br>Hintergrund: <br>Ich bin in Zollikon aufgewachsen und habe hier meine Schulzeit verbracht. Anschliessend absolvierte ich eine kaufm\u00e4nnische Lehre bei der Gemeindeverwaltung Zollikon und studierte sp\u00e4ter Soziale Arbeit an der Fachhochschule f\u00fcr Soziale Arbeit in Z\u00fcrich. Durch meine Ausbildung und sp\u00e4teren beruflichen Engagements als Sozialarbeiterin FH (Sozial\u00e4mter Opfikon und Adliswil) habe ich die \u00f6ffentliche Verwaltung von innen kennen gelernt. Erfahrung in der Privatwirtschaft habe ich w\u00e4hrend meiner 6-j\u00e4hrigen T\u00e4tigkeit in der Beratung von psychisch kranken Menschen in der Privatklinik Hohenegg gesammelt.<br><br>Aktuell arbeite ich als Altersbeauftragte f\u00fcr die Gemeinde Gossau ZH und leite die Anlaufstelle f\u00fcr Altersfragen und Freiwilligenarbeit.<br><br>Zusammen mit meinem Mann und meiner 7-j\u00e4hrigen Tochter wohne ich im Zollikerberg. Von 2010 bis 2018 habe ich mich in der Sozialbeh\u00f6rde Zollikon als Beh\u00f6rdenmitglied engagiert. \u00a0 \u00a0 <br><br><br>Haben Sie eine Frage an Virginie Tschannen? Dann schreiben Sie doch eine E-Mail an folgende Adresse:\u00a0 <a href=\"mailto:virginie.tschannen@forum-5w.ch\">virginie.tschannen@forum-5w.ch<\/a> \u00a0<\/td><\/tr><\/tbody><\/table><\/figure>\n","protected":false},"excerpt":{"rendered":"<div class=\"mh-excerpt\"><p>Vorname: Virginie Nachname: Tschannen Tr\u00fcb Jahrgang: &nbsp; Beruf: &nbsp; Familie: Verheiratet 1 Tochter Wohnort: Zollikerberg Amt: Mitglied der Schulpflege Motivation: Sozialkompetenz mit Herz \u00a0 In der Schule wird nicht \u00abnur\u00bb Wissen vermittelt, in der Schule <a class=\"mh-excerpt-more\" href=\"https:\/\/test4.forum-5w.ch\/?page_id=792\" title=\"Virginie Tschannen\">[&#8230;]<\/a><\/p>\n<\/div>","protected":false},"author":18,"featured_media":0,"parent":795,"menu_order":1,"comment_status":"closed","ping_status":"closed","template":"","meta":[],"_links":{"self":[{"href":"https:\/\/test4.forum-5w.ch\/index.php?rest_route=\/wp\/v2\/pages\/792"}],"collection":[{"href":"https:\/\/test4.forum-5w.ch\/index.php?rest_route=\/wp\/v2\/pages"}],"about":[{"href":"https:\/\/test4.forum-5w.ch\/index.php?rest_route=\/wp\/v2\/types\/page"}],"author":[{"embeddable":true,"href":"https:\/\/test4.forum-5w.ch\/index.php?rest_route=\/wp\/v2\/users\/18"}],"replies":[{"embeddable":true,"href":"https:\/\/test4.forum-5w.ch\/index.php?rest_route=%2Fwp%2Fv2%2Fcomments&post=792"}],"version-history":[{"count":6,"href":"https:\/\/test4.forum-5w.ch\/index.php?rest_route=\/wp\/v2\/pages\/792\/revisions"}],"predecessor-version":[{"id":901,"href":"https:\/\/test4.forum-5w.ch\/index.php?rest_route=\/wp\/v2\/pages\/792\/revisions\/901"}],"up":[{"embeddable":true,"href":"https:\/\/test4.forum-5w.ch\/index.php?rest_route=\/wp\/v2\/pages\/795"}],"wp:attachment":[{"href":"https:\/\/test4.forum-5w.ch\/index.php?rest_route=%2Fwp%2Fv2%2Fmedia&parent=792"}],"curies":[{"name":"wp","href":"https:\/\/api.w.org\/{rel}","templated":true}]}}