{"id":791,"date":"2021-11-14T12:45:00","date_gmt":"2021-11-14T11:45:00","guid":{"rendered":"http:\/\/test4.forum-5w.ch\/?page_id=95"},"modified":"2021-11-15T11:31:01","modified_gmt":"2021-11-15T10:31:01","slug":"sozialbehoerde","status":"publish","type":"page","link":"https:\/\/test4.forum-5w.ch\/?page_id=791","title":{"rendered":"Sozialbeh\u00f6rde &#8217;22"},"content":{"rendered":"\n<figure class=\"wp-block-image size-full\"><a href=\"http:\/\/test4.forum-5w.ch\/wp-content\/uploads\/2017\/03\/5W_Punkt_gelb.jpg\"><img loading=\"lazy\" width=\"200\" height=\"200\" src=\"http:\/\/test4.forum-5w.ch\/wp-content\/uploads\/2017\/03\/5W_Punkt_gelb.jpg\" alt=\"\" class=\"wp-image-623\" srcset=\"https:\/\/test4.forum-5w.ch\/wp-content\/uploads\/2017\/03\/5W_Punkt_gelb.jpg 200w, https:\/\/test4.forum-5w.ch\/wp-content\/uploads\/2017\/03\/5W_Punkt_gelb-150x150.jpg 150w\" sizes=\"(max-width: 200px) 100vw, 200px\" \/><\/a><\/figure>\n\n\n\n<figure class=\"wp-block-table\"><table><tbody><tr><td>Vorname:<\/td><td>Renate<\/td><\/tr><tr><td>Nachname:<\/td><td>Diener<\/td><\/tr><tr><td>Jahrgang:<\/td><td>1958<\/td><\/tr><tr><td>Beruf:<\/td><td> <p>Diplom-Bibliothekarin \/ Verwaltungsassistentin im Sozialbereich \/ pensioniert<\/p><\/td><\/tr><tr><td>Familie:<\/td><td> <p>verheiratet, Mutter von 2 erwachsenen Menschen<\/p><\/td><\/tr><tr><td>Wohnort:<\/td><td> <p>seit 1983 im Zollikerberg<\/p><\/td><\/tr><tr><td>Amt:<\/td><td>Sozialbeh\u00f6rde<\/td><\/tr><tr><td>Motivation:<\/td><td>  <p><strong>\u201eAuf Augenh\u00f6he \u2013 mit Augenmass\u201c<\/strong><\/p> <p>Geboren, aufgewachsen und zur Schule gegangen in der Stadt Z\u00fcrich \u2013 im Herzen bleibe ich auch eine begeisterte Stadtz\u00fcrcherin trotz der vielen Jahre \u201eauf dem Land\u201c&#8230;<\/p> <p>Nach rund 25 Jahren beruflichem Engagement in Zollikerberg war ich die letzten 8\u00bd Jahre meines Berufslebens in der Kantonalen Verwaltung im Sozialbereich t\u00e4tig. Die dort erworbenen Kenntnisse und Erfahrungen m\u00f6chte ich in der Zolliker Sozialbeh\u00f6rde einbringen. Auch in gut situierten Gemeinden gibt es Menschen, die in schwierigen Lebenslagen auf Hilfe und Unterst\u00fctzung angewiesen sind. Diesen Personen <strong>auf Augenh\u00f6he<\/strong> zu begegnen und die verf\u00fcgbaren Mittel <strong>mit Augenmass<\/strong> einzusetzen, ist mir ein grosses Anliegen.<\/p>  <br><p>Haben Sie eine Frage an Renate Diener? Dann schreiben Sie doch eine E-Mail an folgende Adresse:&nbsp;<a href=\"mailto:renate.diener@forum-5w.ch\">renate.diener@forum-5w.ch<\/a><\/p> <\/td><\/tr><\/tbody><\/table><\/figure>\n\n\n\n<p><\/p>\n","protected":false},"excerpt":{"rendered":"<div class=\"mh-excerpt\"><p>Vorname: Renate Nachname: Diener Jahrgang: 1958 Beruf: Diplom-Bibliothekarin \/ Verwaltungsassistentin im Sozialbereich \/ pensioniert Familie: verheiratet, Mutter von 2 erwachsenen Menschen Wohnort: seit 1983 im Zollikerberg Amt: Sozialbeh\u00f6rde Motivation: \u201eAuf Augenh\u00f6he \u2013 mit Augenmass\u201c Geboren, <a class=\"mh-excerpt-more\" href=\"https:\/\/test4.forum-5w.ch\/?page_id=791\" title=\"Sozialbeh\u00f6rde &#8217;22\">[&#8230;]<\/a><\/p>\n<\/div>","protected":false},"author":18,"featured_media":0,"parent":764,"menu_order":0,"comment_status":"closed","ping_status":"closed","template":"","meta":[],"_links":{"self":[{"href":"https:\/\/test4.forum-5w.ch\/index.php?rest_route=\/wp\/v2\/pages\/791"}],"collection":[{"href":"https:\/\/test4.forum-5w.ch\/index.php?rest_route=\/wp\/v2\/pages"}],"about":[{"href":"https:\/\/test4.forum-5w.ch\/index.php?rest_route=\/wp\/v2\/types\/page"}],"author":[{"embeddable":true,"href":"https:\/\/test4.forum-5w.ch\/index.php?rest_route=\/wp\/v2\/users\/18"}],"replies":[{"embeddable":true,"href":"https:\/\/test4.forum-5w.ch\/index.php?rest_route=%2Fwp%2Fv2%2Fcomments&post=791"}],"version-history":[{"count":1,"href":"https:\/\/test4.forum-5w.ch\/index.php?rest_route=\/wp\/v2\/pages\/791\/revisions"}],"predecessor-version":[{"id":864,"href":"https:\/\/test4.forum-5w.ch\/index.php?rest_route=\/wp\/v2\/pages\/791\/revisions\/864"}],"up":[{"embeddable":true,"href":"https:\/\/test4.forum-5w.ch\/index.php?rest_route=\/wp\/v2\/pages\/764"}],"wp:attachment":[{"href":"https:\/\/test4.forum-5w.ch\/index.php?rest_route=%2Fwp%2Fv2%2Fmedia&parent=791"}],"curies":[{"name":"wp","href":"https:\/\/api.w.org\/{rel}","templated":true}]}}