{"id":772,"date":"2021-11-14T18:44:55","date_gmt":"2021-11-14T17:44:55","guid":{"rendered":"http:\/\/test4.forum-5w.ch\/?page_id=772"},"modified":"2021-11-15T13:42:13","modified_gmt":"2021-11-15T12:42:13","slug":"rgpk","status":"publish","type":"page","link":"https:\/\/test4.forum-5w.ch\/?page_id=772","title":{"rendered":"RGPK  &#8217;22"},"content":{"rendered":"<p>Die beiden nachstehenden Personen kandidieren f\u00fcr das Forum 5W in der Rechnungs- und Gesch\u00e4ftspr\u00fcfungskommission (RGPK)<\/p>\n<table>\n<tbody>\n<tr>\n<td width=\"343\"><a href=\"http:\/\/test4.forum-5w.ch\/?page_id=781\">Tom Winkler<\/a><\/td>\n<td width=\"422\"><\/td>\n<\/tr>\n<tr>\n<td width=\"343\"><a href=\"http:\/\/test4.forum-5w.ch\/?page_id=789\">Doris St\u00fcssi<\/a><\/td>\n<td width=\"422\"><\/td>\n<\/tr>\n<\/tbody>\n<\/table>\n","protected":false},"excerpt":{"rendered":"<div class=\"mh-excerpt\"><p>Die beiden nachstehenden Personen kandidieren f\u00fcr das Forum 5W in der Rechnungs- und Gesch\u00e4ftspr\u00fcfungskommission (RGPK) Tom Winkler Doris St\u00fcssi<\/p>\n<\/div>","protected":false},"author":18,"featured_media":0,"parent":764,"menu_order":0,"comment_status":"closed","ping_status":"closed","template":"","meta":[],"_links":{"self":[{"href":"https:\/\/test4.forum-5w.ch\/index.php?rest_route=\/wp\/v2\/pages\/772"}],"collection":[{"href":"https:\/\/test4.forum-5w.ch\/index.php?rest_route=\/wp\/v2\/pages"}],"about":[{"href":"https:\/\/test4.forum-5w.ch\/index.php?rest_route=\/wp\/v2\/types\/page"}],"author":[{"embeddable":true,"href":"https:\/\/test4.forum-5w.ch\/index.php?rest_route=\/wp\/v2\/users\/18"}],"replies":[{"embeddable":true,"href":"https:\/\/test4.forum-5w.ch\/index.php?rest_route=%2Fwp%2Fv2%2Fcomments&post=772"}],"version-history":[{"count":2,"href":"https:\/\/test4.forum-5w.ch\/index.php?rest_route=\/wp\/v2\/pages\/772\/revisions"}],"predecessor-version":[{"id":877,"href":"https:\/\/test4.forum-5w.ch\/index.php?rest_route=\/wp\/v2\/pages\/772\/revisions\/877"}],"up":[{"embeddable":true,"href":"https:\/\/test4.forum-5w.ch\/index.php?rest_route=\/wp\/v2\/pages\/764"}],"wp:attachment":[{"href":"https:\/\/test4.forum-5w.ch\/index.php?rest_route=%2Fwp%2Fv2%2Fmedia&parent=772"}],"curies":[{"name":"wp","href":"https:\/\/api.w.org\/{rel}","templated":true}]}}