{"id":764,"date":"2021-11-14T18:24:23","date_gmt":"2021-11-14T16:24:23","guid":{"rendered":"http:\/\/test4.forum-5w.ch\/?page_id=764"},"modified":"2021-11-15T13:40:41","modified_gmt":"2021-11-15T12:40:41","slug":"wahlen-2022","status":"publish","type":"page","link":"https:\/\/test4.forum-5w.ch\/?page_id=764","title":{"rendered":"Wahlen 2022"},"content":{"rendered":"\n<p>Das Forum-5W tritt in allen Beh\u00f6rden mit Kandidatinnen und Kandidaten an und m\u00f6chte so Verantwortung \u00fcbernehmen f\u00fcr eine lebendiges Dorf- und Bergleben.<\/p>\n\n\n\n<p>Wir freuen uns auf eine engagierte Diskussion und hoffen f\u00fcr Ihre Unterst\u00fctzung.<\/p>\n","protected":false},"excerpt":{"rendered":"<div class=\"mh-excerpt\"><p>Das Forum-5W tritt in allen Beh\u00f6rden mit Kandidatinnen und Kandidaten an und m\u00f6chte so Verantwortung \u00fcbernehmen f\u00fcr eine lebendiges Dorf- und Bergleben. Wir freuen uns auf eine engagierte Diskussion und hoffen f\u00fcr Ihre Unterst\u00fctzung.<\/p>\n<\/div>","protected":false},"author":18,"featured_media":0,"parent":0,"menu_order":0,"comment_status":"closed","ping_status":"closed","template":"","meta":[],"_links":{"self":[{"href":"https:\/\/test4.forum-5w.ch\/index.php?rest_route=\/wp\/v2\/pages\/764"}],"collection":[{"href":"https:\/\/test4.forum-5w.ch\/index.php?rest_route=\/wp\/v2\/pages"}],"about":[{"href":"https:\/\/test4.forum-5w.ch\/index.php?rest_route=\/wp\/v2\/types\/page"}],"author":[{"embeddable":true,"href":"https:\/\/test4.forum-5w.ch\/index.php?rest_route=\/wp\/v2\/users\/18"}],"replies":[{"embeddable":true,"href":"https:\/\/test4.forum-5w.ch\/index.php?rest_route=%2Fwp%2Fv2%2Fcomments&post=764"}],"version-history":[{"count":1,"href":"https:\/\/test4.forum-5w.ch\/index.php?rest_route=\/wp\/v2\/pages\/764\/revisions"}],"predecessor-version":[{"id":888,"href":"https:\/\/test4.forum-5w.ch\/index.php?rest_route=\/wp\/v2\/pages\/764\/revisions\/888"}],"wp:attachment":[{"href":"https:\/\/test4.forum-5w.ch\/index.php?rest_route=%2Fwp%2Fv2%2Fmedia&parent=764"}],"curies":[{"name":"wp","href":"https:\/\/api.w.org\/{rel}","templated":true}]}}