{"id":57,"date":"2016-04-18T11:07:05","date_gmt":"2016-04-18T11:07:05","guid":{"rendered":"http:\/\/test4.forum-5w.ch\/?page_id=57"},"modified":"2021-11-15T12:06:29","modified_gmt":"2021-11-15T11:06:29","slug":"behoerden-2","status":"publish","type":"page","link":"https:\/\/test4.forum-5w.ch\/?page_id=57","title":{"rendered":"Beh\u00f6rden akt."},"content":{"rendered":"<h2>Beh\u00f6rdenmitglieder<\/h2>\n<table>\n<tbody>\n<tr>\n<td width=\"343\">Baubeh\u00f6rde<\/td>\n<td width=\"422\"><a href=\"http:\/\/test4.forum-5w.ch\/?page_id=30\">Regula Harder<\/a><\/td>\n<\/tr>\n<tr>\n<td width=\"343\"><\/td>\n<td width=\"422\"><\/td>\n<\/tr>\n<tr>\n<td width=\"343\">Sozialbeh\u00f6rde<\/td>\n<td width=\"422\"><a href=\"http:\/\/test4.forum-5w.ch\/?page_id=95\">Jean-Marc von Gunten<\/a><\/td>\n<\/tr>\n<tr>\n<td width=\"343\"><\/td>\n<td width=\"422\"><\/td>\n<\/tr>\n<tr>\n<td width=\"343\">Rechnungspr\u00fcfungskommission<\/td>\n<td width=\"422\"><a href=\"http:\/\/test4.forum-5w.ch\/?page_id=208\">Stephan Br\u00e4ndli<\/a><\/td>\n<\/tr>\n<tr>\n<td width=\"343\"><\/td>\n<td width=\"422\"><a href=\"http:\/\/test4.forum-5w.ch\/?page_id=211\">Martin Fasser<\/a><\/td>\n<\/tr>\n<tr>\n<td width=\"343\"><\/td>\n<td width=\"422\"><\/td>\n<\/tr>\n<tr>\n<td width=\"343\">Schulpflege<\/td>\n<td width=\"422\"><a href=\"http:\/\/test4.forum-5w.ch\/?page_id=226\">Brigit Belser<\/a><\/td>\n<\/tr>\n<tr>\n<td width=\"343\"><\/td>\n<td width=\"422\"><a href=\"http:\/\/test4.forum-5w.ch\/?page_id=230\">Sandra Fischer<\/a><\/td>\n<\/tr>\n<tr>\n<td width=\"343\"><\/td>\n<td width=\"422\"><a href=\"http:\/\/test4.forum-5w.ch\/?page_id=233\">Edwin Fuchs<\/a><\/td>\n<\/tr>\n<\/tbody>\n<\/table>\n<p>&nbsp;<\/p>\n<p>&nbsp;<\/p>\n","protected":false},"excerpt":{"rendered":"<div class=\"mh-excerpt\"><p>Beh\u00f6rdenmitglieder Baubeh\u00f6rde Regula Harder Sozialbeh\u00f6rde Jean-Marc von Gunten Rechnungspr\u00fcfungskommission Stephan Br\u00e4ndli Martin Fasser Schulpflege Brigit Belser Sandra Fischer Edwin Fuchs &nbsp; &nbsp;<\/p>\n<\/div>","protected":false},"author":2,"featured_media":0,"parent":0,"menu_order":0,"comment_status":"closed","ping_status":"closed","template":"","meta":[],"_links":{"self":[{"href":"https:\/\/test4.forum-5w.ch\/index.php?rest_route=\/wp\/v2\/pages\/57"}],"collection":[{"href":"https:\/\/test4.forum-5w.ch\/index.php?rest_route=\/wp\/v2\/pages"}],"about":[{"href":"https:\/\/test4.forum-5w.ch\/index.php?rest_route=\/wp\/v2\/types\/page"}],"author":[{"embeddable":true,"href":"https:\/\/test4.forum-5w.ch\/index.php?rest_route=\/wp\/v2\/users\/2"}],"replies":[{"embeddable":true,"href":"https:\/\/test4.forum-5w.ch\/index.php?rest_route=%2Fwp%2Fv2%2Fcomments&post=57"}],"version-history":[{"count":13,"href":"https:\/\/test4.forum-5w.ch\/index.php?rest_route=\/wp\/v2\/pages\/57\/revisions"}],"predecessor-version":[{"id":883,"href":"https:\/\/test4.forum-5w.ch\/index.php?rest_route=\/wp\/v2\/pages\/57\/revisions\/883"}],"wp:attachment":[{"href":"https:\/\/test4.forum-5w.ch\/index.php?rest_route=%2Fwp%2Fv2%2Fmedia&parent=57"}],"curies":[{"name":"wp","href":"https:\/\/api.w.org\/{rel}","templated":true}]}}