{"id":30,"date":"2016-04-18T09:43:10","date_gmt":"2016-04-18T09:43:10","guid":{"rendered":"http:\/\/test4.forum-5w.ch\/?page_id=30"},"modified":"2018-03-25T18:01:41","modified_gmt":"2018-03-25T16:01:41","slug":"behoerden","status":"publish","type":"page","link":"https:\/\/test4.forum-5w.ch\/?page_id=30","title":{"rendered":"Baubeh\u00f6rde"},"content":{"rendered":"<p>Seit den Wahlen 2014 vertritt Regula Harder das Forum 5W in der Baubeh\u00f6rde.<\/p>\n<p><a href=\"http:\/\/test4.forum-5w.ch\/wp-content\/images\/portraits\/regulaharder.jpg\">\u00a0<\/a><a href=\"http:\/\/test4.forum-5w.ch\/wp-content\/uploads\/2018\/03\/Regula-1-e1519993934349.jpg\"><img loading=\"lazy\" class=\"alignnone wp-image-643\" src=\"http:\/\/test4.forum-5w.ch\/wp-content\/uploads\/2018\/03\/Regula-1-e1519993934349.jpg\" alt=\"\" width=\"171\" height=\"180\" \/><\/a><\/p>\n<table width=\"832\">\n<tbody>\n<tr>\n<td width=\"185\"><strong>Vorname:<\/strong><\/td>\n<td width=\"648\">Regula<\/td>\n<\/tr>\n<tr>\n<td width=\"185\"><strong>Nachname:<\/strong><\/td>\n<td width=\"648\">Harder<\/td>\n<\/tr>\n<tr>\n<td width=\"185\"><strong>Jahrgang:<\/strong><\/td>\n<td width=\"648\">1966<\/td>\n<\/tr>\n<tr>\n<td width=\"185\"><strong>Beruf:<\/strong><\/td>\n<td width=\"648\">Dipl. Architektin ETH\/SIA\/BSA<\/td>\n<\/tr>\n<tr>\n<td width=\"185\"><strong>Familie:<\/strong><\/td>\n<td width=\"648\">verheiratet mit J\u00fcrg Spreyermann mit drei Kindern Alexander (1999), Sebastian (2003) und Raphael (2005)<\/td>\n<\/tr>\n<tr>\n<td width=\"185\"><strong>Wohnort:<\/strong><\/td>\n<td width=\"648\">Zollikon seit 1994<\/td>\n<\/tr>\n<tr>\n<td width=\"185\"><strong>Amt:<\/strong><\/td>\n<td width=\"648\">Baubeh\u00f6rde<\/td>\n<\/tr>\n<tr>\n<td width=\"185\"><strong>Motivation:<\/strong><\/td>\n<td width=\"648\">\u00a0\u201eMit Fachkompetenz f\u00fcr eine sorgf\u00e4ltige bauliche Entwicklung unseres Dorfes\u201c<\/p>\n<p>Die Beurteilung der Baugesuche ist die Hauptaufgabe der Baubeh\u00f6rde.\u00a0 Als Architektin ist es mir ein Anliegen, dass Bauherrschaften mit ihren Planern ihre Projektvorstellungen realisieren k\u00f6nnen. In der Baubeh\u00f6rde beurteilen wir diese hinsichtlich der Einhaltung der zahlreichen normativen Vorgaben und insbesondere auch hinsichtlich der\u00a0 Gesamtwirkung. Es ist die Verantwortung der Baubeh\u00f6rde, die Qualit\u00e4t der Bauten in sich und deren Einf\u00fcgung ins Quartier zu beurteilen und falls n\u00f6tig einzufordern. Es ist mir ein wichtiges Anliegen, so die hohe Qualit\u00e4t des Ortsbildes in Zollikon zu erhalten und zu st\u00e4rken.<\/p>\n<p>In den n\u00e4chsten Jahren wird eine Revision der Bau- und Zonenordnung in Zollikon erarbeitet werden. Diese wird die k\u00fcnftige bauliche Entwicklung in Zollikon massgebend pr\u00e4gen. Deren st\u00e4dtebaulichen Chancen und Qualit\u00e4ten sind f\u00fcr mich von gr\u00f6sstem Interesse.<\/p>\n<p>Das Beugi-Areal mitten im Dorfkern von Zollikon ist zentral f\u00fcr die Identit\u00e4t von Zollikon. Es ist die Aufgabe der Baubeh\u00f6rde, die ortsbauliche und architektonische Qualit\u00e4t der k\u00fcnftig geplanten Bauten und Anlagen zu beurteilen. Die Einf\u00fcgung in den historischen Kontext ist mir dabei in wichtiges Anliegen.<\/p>\n<p>Als dipl. Architektin ETH\/SIA\/ BSA bin ich Mitinhaberin von Harder Spreyermann Architekten in Z\u00fcrich. Wir haben in Zollikon das Schulhaus Oescher, die Erneuerung der Abdankungshalle Dorf sowie zahlreiche private Bauten realisiert. Im Rahmen eines Studienauftrags haben wir auch die Idee des Boulevard Forchstrasse f\u00fcr den Zollikerberg entwickelt. Wir planen Neubauten im st\u00e4dtebaulichem Massstab sowie auch kleinere Neu- und Umbauten in anspruchsvollem Kontext. So bin ich vertraut mit der Komplexit\u00e4t des Planens und Bauens in allen Massst\u00e4ben und erkenne die relevanten Fragestellungen in den Baugesuchen.<\/p>\n<p>Ausserdem bin ich als Fachjurorin in zahlreichen Wettbewerben sowie als Mitglied der Stadtbildkommission Schaffhausen und des Gestaltungsbeirates in Bregenz t\u00e4tig. Diese Erfahrung in der professionellen Beurteilung von Projekten ist eine wichtige Grundlage meiner T\u00e4tigkeit in der Baubeh\u00f6rde.<\/p>\n<p>Ich bin gl\u00fccklich, seit 23 Jahren mit meiner f\u00fcnfk\u00f6pfigen Familie in Zollikon leben zu k\u00f6nnen. Gerne engagiere ich mich in der Baubeh\u00f6rde\u00a0 f\u00fcr die Weiterf\u00fchrung der Qualit\u00e4ten dieses Ortes in die Zukunft.<\/p>\n<p>Haben Sie eine Frage an Regual Harder? Dann schreiben Sie doch eine E-Mail an folgende Adresse:\u00a0<a href=\"mailto:regula.harder@harderspreyermann.ch\">regula.harder@harderspreyermann.ch<\/a><\/p>\n<p>&nbsp;<\/td>\n<\/tr>\n<\/tbody>\n<\/table>\n<p>&nbsp;<\/p>\n<p>&nbsp;<\/p>\n","protected":false},"excerpt":{"rendered":"<div class=\"mh-excerpt\"><p>Seit den Wahlen 2014 vertritt Regula Harder das Forum 5W in der Baubeh\u00f6rde. \u00a0 Vorname: Regula Nachname: Harder Jahrgang: 1966 Beruf: Dipl. Architektin ETH\/SIA\/BSA Familie: verheiratet mit J\u00fcrg Spreyermann mit drei Kindern Alexander (1999), Sebastian <a class=\"mh-excerpt-more\" href=\"https:\/\/test4.forum-5w.ch\/?page_id=30\" title=\"Baubeh\u00f6rde\">[&#8230;]<\/a><\/p>\n<\/div>","protected":false},"author":2,"featured_media":0,"parent":57,"menu_order":0,"comment_status":"closed","ping_status":"closed","template":"","meta":[],"_links":{"self":[{"href":"https:\/\/test4.forum-5w.ch\/index.php?rest_route=\/wp\/v2\/pages\/30"}],"collection":[{"href":"https:\/\/test4.forum-5w.ch\/index.php?rest_route=\/wp\/v2\/pages"}],"about":[{"href":"https:\/\/test4.forum-5w.ch\/index.php?rest_route=\/wp\/v2\/types\/page"}],"author":[{"embeddable":true,"href":"https:\/\/test4.forum-5w.ch\/index.php?rest_route=\/wp\/v2\/users\/2"}],"replies":[{"embeddable":true,"href":"https:\/\/test4.forum-5w.ch\/index.php?rest_route=%2Fwp%2Fv2%2Fcomments&post=30"}],"version-history":[{"count":15,"href":"https:\/\/test4.forum-5w.ch\/index.php?rest_route=\/wp\/v2\/pages\/30\/revisions"}],"predecessor-version":[{"id":677,"href":"https:\/\/test4.forum-5w.ch\/index.php?rest_route=\/wp\/v2\/pages\/30\/revisions\/677"}],"up":[{"embeddable":true,"href":"https:\/\/test4.forum-5w.ch\/index.php?rest_route=\/wp\/v2\/pages\/57"}],"wp:attachment":[{"href":"https:\/\/test4.forum-5w.ch\/index.php?rest_route=%2Fwp%2Fv2%2Fmedia&parent=30"}],"curies":[{"name":"wp","href":"https:\/\/api.w.org\/{rel}","templated":true}]}}