{"id":233,"date":"2016-05-01T15:03:56","date_gmt":"2016-05-01T15:03:56","guid":{"rendered":"http:\/\/test4.forum-5w.ch\/?page_id=233"},"modified":"2018-03-02T14:55:18","modified_gmt":"2018-03-02T12:55:18","slug":"edwin-fuchs","status":"publish","type":"page","link":"https:\/\/test4.forum-5w.ch\/?page_id=233","title":{"rendered":"Edwin Fuchs"},"content":{"rendered":"<p>Seit den Wahlen 2010 vertritt Edwin Fuchs das Forum 5W.<\/p>\n<p><a href=\"http:\/\/test4.forum-5w.ch\/wp-content\/uploads\/2018\/03\/Edwin-1-e1519995299898.jpg\"><img loading=\"lazy\" class=\"alignnone  wp-image-648\" src=\"http:\/\/test4.forum-5w.ch\/wp-content\/uploads\/2018\/03\/Edwin-1-286x300.jpg\" alt=\"\" width=\"170\" height=\"178\" \/><\/a><\/p>\n<table width=\"832\">\n<tbody>\n<tr>\n<td width=\"185\"><strong>Vorname:<\/strong><\/td>\n<td width=\"648\">Edwin<\/td>\n<\/tr>\n<tr>\n<td width=\"185\"><strong>Nachname:<\/strong><\/td>\n<td width=\"648\">Fuchs<\/td>\n<\/tr>\n<tr>\n<td width=\"185\"><strong>Jahrgang:<\/strong><\/td>\n<td width=\"648\">1962<\/td>\n<\/tr>\n<tr>\n<td width=\"185\"><strong>Familie:<\/strong><\/td>\n<td width=\"648\">Verheiratet mit Daniela Fuchs<br \/>\nJoel (1997), Michel (2000), Livia (2005)<\/td>\n<\/tr>\n<tr>\n<td width=\"185\"><strong>Wohnort:<\/strong><\/td>\n<td width=\"648\">Zollikon seit 1996<\/td>\n<\/tr>\n<tr>\n<td width=\"185\"><strong>Amt:<\/strong><\/td>\n<td width=\"648\">Schulpflege (bisher)<\/td>\n<\/tr>\n<tr>\n<td width=\"185\"><strong>Slogan:<\/strong><\/td>\n<td width=\"648\"><strong>&#8220;Unsere Sch\u00fclerinnen und Sch\u00fcler erwerben die Grundlagen, sich den Herausforderungen eines eigenst\u00e4ndigen Lebens stellen zu k\u00f6nnen.&#8221;<\/strong><\/td>\n<\/tr>\n<tr>\n<td width=\"185\"><strong>Motivation:<\/strong><\/td>\n<td width=\"648\">Eine gute Schule erm\u00f6glicht jedem Kind das Beste aus seinen M\u00f6glichkeiten zu realisieren. Sie stattet die Kinder f\u00fcr den n\u00e4chsten Ausbildungsabschnitt optimal mit Wissen und Sozialkompetenzen aus.<\/p>\n<p>Dazu braucht es gute Lehrpersonen, die Mitwirkung der Eltern, motivierte Beh\u00f6rden und eine ad\u00e4quate Infrastruktur. Die Anforderungen an die Schule wachsen st\u00e4ndig. Sie sind vielf\u00e4ltig, komplex und teilweise widerspr\u00fcchlich. Eine gute Schule zu haben, ist ein Prozess, kein Zustand. Es muss st\u00e4ndig daran gearbeitet werden. Dies erfordert das respektvolle Zusammenspiel aller Beteiligten.<\/p>\n<p>Als Vater von drei Kindern und acht Jahre Erfahrung als Schulpfleger kenne ich die Anforderungen an die Schule von beiden Seiten und verf\u00fcge so \u00fcber das n\u00f6tige R\u00fcstzeug um die Schule und ihr Umfeld als Ganzes zu sehen und vern\u00fcnftige Entscheide zu f\u00e4llen.<\/p>\n<p>Geboren und aufgewachsen bin ich in Z\u00fcrich-Unterstrass. Ausbildung auf dem zweiten Bildungsweg zum Elektroingenieur FH mit einem Nachdiplomstudium in Betriebswirtschaft und Management (exec. MBA). Diverse F\u00fchrungsfunktionen in der IT-Branche.<\/p>\n<p>Gerne nehme ich die Herausforderung erneut an, als Schulpfleger zusammen mit den Lehrpersonen, Mitarbeiter und weit \u00fcber tausend Erziehungsberechtigen einen Beitrag zu leisten, eine \u201cgute Schule\u201d f\u00fcr unsere rund tausend Kinder zu erm\u00f6glichen.<\/p>\n<p>Haben Sie eine Frage an Edwin Fuchs? Dann schreiben Sie doch eine E-Mail an folgende Adresse: <a href=\"mailto:edwin.fuchs@forum-5w.ch\">edwin.fuchs@forum-5w.ch<\/a>.<\/p>\n<p>&nbsp;<\/td>\n<\/tr>\n<\/tbody>\n<\/table>\n","protected":false},"excerpt":{"rendered":"<div class=\"mh-excerpt\"><p>Seit den Wahlen 2010 vertritt Edwin Fuchs das Forum 5W. Vorname: Edwin Nachname: Fuchs Jahrgang: 1962 Familie: Verheiratet mit Daniela Fuchs Joel (1997), Michel (2000), Livia (2005) Wohnort: Zollikon seit 1996 Amt: Schulpflege (bisher) Slogan: <a class=\"mh-excerpt-more\" href=\"https:\/\/test4.forum-5w.ch\/?page_id=233\" title=\"Edwin Fuchs\">[&#8230;]<\/a><\/p>\n<\/div>","protected":false},"author":2,"featured_media":0,"parent":110,"menu_order":3,"comment_status":"closed","ping_status":"closed","template":"","meta":[],"_links":{"self":[{"href":"https:\/\/test4.forum-5w.ch\/index.php?rest_route=\/wp\/v2\/pages\/233"}],"collection":[{"href":"https:\/\/test4.forum-5w.ch\/index.php?rest_route=\/wp\/v2\/pages"}],"about":[{"href":"https:\/\/test4.forum-5w.ch\/index.php?rest_route=\/wp\/v2\/types\/page"}],"author":[{"embeddable":true,"href":"https:\/\/test4.forum-5w.ch\/index.php?rest_route=\/wp\/v2\/users\/2"}],"replies":[{"embeddable":true,"href":"https:\/\/test4.forum-5w.ch\/index.php?rest_route=%2Fwp%2Fv2%2Fcomments&post=233"}],"version-history":[{"count":9,"href":"https:\/\/test4.forum-5w.ch\/index.php?rest_route=\/wp\/v2\/pages\/233\/revisions"}],"predecessor-version":[{"id":660,"href":"https:\/\/test4.forum-5w.ch\/index.php?rest_route=\/wp\/v2\/pages\/233\/revisions\/660"}],"up":[{"embeddable":true,"href":"https:\/\/test4.forum-5w.ch\/index.php?rest_route=\/wp\/v2\/pages\/110"}],"wp:attachment":[{"href":"https:\/\/test4.forum-5w.ch\/index.php?rest_route=%2Fwp%2Fv2%2Fmedia&parent=233"}],"curies":[{"name":"wp","href":"https:\/\/api.w.org\/{rel}","templated":true}]}}