{"id":230,"date":"2016-05-01T15:00:43","date_gmt":"2016-05-01T15:00:43","guid":{"rendered":"http:\/\/test4.forum-5w.ch\/?page_id=230"},"modified":"2018-03-23T18:44:20","modified_gmt":"2018-03-23T16:44:20","slug":"sandra-fischer","status":"publish","type":"page","link":"https:\/\/test4.forum-5w.ch\/?page_id=230","title":{"rendered":"Sandra Fischer"},"content":{"rendered":"<p>Seit den Wahlen 2006 vertritt Sandra Fischer das Forum 5W.<\/p>\n<p><a href=\"http:\/\/test4.forum-5w.ch\/wp-content\/uploads\/2018\/03\/Sandy-1-e1519995255407.jpg\"><img loading=\"lazy\" class=\"alignnone wp-image-649\" src=\"http:\/\/test4.forum-5w.ch\/wp-content\/uploads\/2018\/03\/Sandy-1-286x300.jpg\" alt=\"\" width=\"170\" height=\"178\" \/><\/a><\/p>\n<table width=\"832\">\n<tbody>\n<tr>\n<td width=\"185\"><strong>Vorname:<\/strong><\/td>\n<td width=\"648\">Sandra<\/td>\n<\/tr>\n<tr>\n<td width=\"185\"><strong>Nachname:<\/strong><\/td>\n<td width=\"648\">Fischer<\/td>\n<\/tr>\n<tr>\n<td width=\"185\"><strong>Jahrgang:<\/strong><\/td>\n<td width=\"648\">1963<\/td>\n<\/tr>\n<tr>\n<td width=\"185\"><strong>Familie:<\/strong><\/td>\n<td width=\"648\">3 Kinder<\/td>\n<\/tr>\n<tr>\n<td width=\"185\"><strong>Wohnort:<\/strong><\/td>\n<td width=\"648\">Zollikerberg<\/td>\n<\/tr>\n<tr>\n<td width=\"185\"><strong>Amt:<\/strong><\/td>\n<td width=\"648\">Schulpflege<\/td>\n<\/tr>\n<tr>\n<td width=\"185\"><strong>Slogan:<\/strong><\/td>\n<td width=\"648\">\u00a0&#8220;<strong style=\"font-family: inherit; font-size: inherit;\">Meine Schule Zollikon f\u00f6rdert Individualit\u00e4t und Gemeinschaftssinn gleichermassen und bietet den Kindern jeden Tag aufs Neue die Chance f\u00fcrs Leben zu lernen, eigen-verantwortlich zu handeln und im Grossen zu denken.&#8221;<\/strong><\/td>\n<\/tr>\n<tr>\n<td width=\"185\"><strong>Motivation:<\/strong><\/td>\n<td width=\"648\">Eine gute Schule ist stets im Wandel \u2013 im guten Sinne \u2013 und verbindet Neues mit Bew\u00e4hrtem. Wir stehen in der Verantwortung, unseren Sch\u00fclern und Sch\u00fclerinnen eine zeitgem\u00e4sse Bildung zu bieten und t\u00e4glich viele M\u00f6glichkeiten zu geben, um ganzheitlich zu wachsen. Gemeinsam k\u00f6nnen Lehrpersonen, Schulleitungen und Beh\u00f6rdenmitglieder die bestm\u00f6glichen Rahmenbedingungen festlegen und eine kindgerechte Schule gestalten \u2013 auch unter Mitwirkung der Eltern.<\/p>\n<p>Der Lehrplan 21 wird in den n\u00e4chsten Jahren kontinuierlich umgesetzt und zukunftsweisende Neuerungen mit sich bringen. Kompetenzorientierung und digitale Transformation sind grosse Themen, die die Schule auf Trab halten werden. Steigende Sch\u00fclerzahlen erfordern eine weise Sicht auf die Schulraumplanung. Und die wachsende Nachfrage nach Betreuungs-m\u00f6glichkeiten verlangt nach angepassten L\u00f6sungen. Kontinuit\u00e4t und Erfahrung bieten f\u00fcr das Gelingen eine stabile Basis.<\/p>\n<p>Als Mutter von drei erwachsenen Kindern und nach 12 Jahren in der Schulpflege Zollikon kenne ich die Schule von innen und aussen, was mir verschiedene Sichtweisen erlaubt, um nachhaltige Entscheidungen zu treffen. Gerne nehme ich die n\u00e4chsten vier Amtsjahre als Herausforderung an, um zusammen mit allen Beteiligten die Schule Zollikon mitzugestalten, damit sich Ihr Kind gut aufgehoben f\u00fchlt und eine zeitgem\u00e4sse Bildung erh\u00e4lt.<\/p>\n<p><strong>Zu meinem Hintergrund: <\/strong><\/p>\n<p>Seit 2006 in der Schulpflege (seit 2014 Vizepr\u00e4sidium)<\/p>\n<p>Jahrgang 1963, 3 erwachsene Kinder, aufgewachsen in USA und Oberengstringen, MarketingPlanerin\/Kommunikationsberaterin, Bewegungscoach und \u2013trainerin (selbst\u00e4ndig), Kunstmalerin<\/p>\n<p>Haben Sie eine Frage an Sandra Fischer? Dann schreiben Sie doch eine E-Mail an folgende Adresse:\u00a0<a href=\"mailto:sandra.fischer@forum-5w.ch\">sandra.fischer@forum-5w.ch<\/a>.<\/td>\n<\/tr>\n<\/tbody>\n<\/table>\n","protected":false},"excerpt":{"rendered":"<div class=\"mh-excerpt\"><p>Seit den Wahlen 2006 vertritt Sandra Fischer das Forum 5W. Vorname: Sandra Nachname: Fischer Jahrgang: 1963 Familie: 3 Kinder Wohnort: Zollikerberg Amt: Schulpflege Slogan: \u00a0&#8220;Meine Schule Zollikon f\u00f6rdert Individualit\u00e4t und Gemeinschaftssinn gleichermassen und bietet den <a class=\"mh-excerpt-more\" href=\"https:\/\/test4.forum-5w.ch\/?page_id=230\" title=\"Sandra Fischer\">[&#8230;]<\/a><\/p>\n<\/div>","protected":false},"author":2,"featured_media":0,"parent":110,"menu_order":2,"comment_status":"closed","ping_status":"closed","template":"","meta":[],"_links":{"self":[{"href":"https:\/\/test4.forum-5w.ch\/index.php?rest_route=\/wp\/v2\/pages\/230"}],"collection":[{"href":"https:\/\/test4.forum-5w.ch\/index.php?rest_route=\/wp\/v2\/pages"}],"about":[{"href":"https:\/\/test4.forum-5w.ch\/index.php?rest_route=\/wp\/v2\/types\/page"}],"author":[{"embeddable":true,"href":"https:\/\/test4.forum-5w.ch\/index.php?rest_route=\/wp\/v2\/users\/2"}],"replies":[{"embeddable":true,"href":"https:\/\/test4.forum-5w.ch\/index.php?rest_route=%2Fwp%2Fv2%2Fcomments&post=230"}],"version-history":[{"count":12,"href":"https:\/\/test4.forum-5w.ch\/index.php?rest_route=\/wp\/v2\/pages\/230\/revisions"}],"predecessor-version":[{"id":676,"href":"https:\/\/test4.forum-5w.ch\/index.php?rest_route=\/wp\/v2\/pages\/230\/revisions\/676"}],"up":[{"embeddable":true,"href":"https:\/\/test4.forum-5w.ch\/index.php?rest_route=\/wp\/v2\/pages\/110"}],"wp:attachment":[{"href":"https:\/\/test4.forum-5w.ch\/index.php?rest_route=%2Fwp%2Fv2%2Fmedia&parent=230"}],"curies":[{"name":"wp","href":"https:\/\/api.w.org\/{rel}","templated":true}]}}