{"id":211,"date":"2016-05-01T14:30:37","date_gmt":"2016-05-01T14:30:37","guid":{"rendered":"http:\/\/test4.forum-5w.ch\/?page_id=211"},"modified":"2018-03-02T14:50:04","modified_gmt":"2018-03-02T12:50:04","slug":"rpk-martin-fasser","status":"publish","type":"page","link":"https:\/\/test4.forum-5w.ch\/?page_id=211","title":{"rendered":"RPK Martin Fasser"},"content":{"rendered":"<p>Seit den Wahlen 2010 vertritt Martin Fasser\u00a0das Forum 5W in der Rechnungspr\u00fcfungskommission<\/p>\n<p><a href=\"http:\/\/test4.forum-5w.ch\/wp-content\/uploads\/2018\/03\/Martin-1-e1519994759247.jpg\"><img loading=\"lazy\" class=\"alignnone wp-image-646\" src=\"http:\/\/test4.forum-5w.ch\/wp-content\/uploads\/2018\/03\/Martin-1-286x300.jpg\" alt=\"\" width=\"171\" height=\"179\" \/><\/a><\/p>\n<table width=\"832\">\n<tbody>\n<tr>\n<td width=\"185\"><strong>Vorname:<\/strong><\/td>\n<td width=\"648\">Martin<\/td>\n<\/tr>\n<tr>\n<td width=\"185\"><strong>Nachname:<\/strong><\/td>\n<td width=\"648\">Fasser Heeg<\/td>\n<\/tr>\n<tr>\n<td width=\"185\"><strong>Jahrgang:<\/strong><\/td>\n<td width=\"648\">1966<\/td>\n<\/tr>\n<tr>\n<td width=\"185\"><strong>Familie:<\/strong><\/td>\n<td width=\"648\">Verheiratet mit Iris Heeg<br \/>\nvier Kinder (1991, 1994, 2000 und 2002)<\/td>\n<\/tr>\n<tr>\n<td width=\"185\"><strong>Wohnort:<\/strong><\/td>\n<td width=\"648\">Zollikerberg\/Sennhof (seit 1999)<\/td>\n<\/tr>\n<tr>\n<td width=\"185\"><strong>Amt:<\/strong><\/td>\n<td width=\"648\">Rechnungspr\u00fcfungskommission<\/td>\n<\/tr>\n<tr>\n<td width=\"185\"><strong>Motivation:<\/strong><\/td>\n<td width=\"648\">\u201eEinen Betrag zum Wohlergehen und Funktionieren der Gemeinde Zollikon leisten mittels aktiver Mitarbeit in einer Beh\u00f6rde in der ich meine F\u00e4higkeiten und Erfahrungen einbringen kann.&#8221;<\/p>\n<p>Aufgewachsen im Z\u00fcricher Oberland habe ich auf der Gemeindeverwaltung Hinwil meine Lehre als kaufm\u00e4nnischer Angestellter absolviert. Nach einigen Jahren Berufserfahrung in der Treuhand- und Revisionsbranche, diversen Ausland- und Sprachaufenthalten, habe ich mich berufsbegleitend zum Treuh\u00e4nder mit eidg. Fachausweis und eidg. dipl. Wirtschaftspr\u00fcfer weitergebildet. Anschliessend habe ich mich fortlaufend auf dem Gebiet des Wirtschaftspr\u00fcfers und Controllers weitergebildet. Heute arbeite ich als Head of Corporate Affairs, AOT Holding Ltd in Zug.<\/p>\n<p>Haben Sie eine Frage an Martin Fasser? Dann schreiben Sie doch eine E-Mail an folgende Adresse:\u00a0<a href=\"mailto:martin.fasser@forum-5w.ch\">martin.fasser@forum-5w.ch<\/a><\/td>\n<\/tr>\n<\/tbody>\n<\/table>\n","protected":false},"excerpt":{"rendered":"<div class=\"mh-excerpt\"><p>Seit den Wahlen 2010 vertritt Martin Fasser\u00a0das Forum 5W in der Rechnungspr\u00fcfungskommission Vorname: Martin Nachname: Fasser Heeg Jahrgang: 1966 Familie: Verheiratet mit Iris Heeg vier Kinder (1991, 1994, 2000 und 2002) Wohnort: Zollikerberg\/Sennhof (seit 1999) <a class=\"mh-excerpt-more\" href=\"https:\/\/test4.forum-5w.ch\/?page_id=211\" title=\"RPK Martin Fasser\">[&#8230;]<\/a><\/p>\n<\/div>","protected":false},"author":2,"featured_media":0,"parent":107,"menu_order":0,"comment_status":"closed","ping_status":"closed","template":"","meta":[],"_links":{"self":[{"href":"https:\/\/test4.forum-5w.ch\/index.php?rest_route=\/wp\/v2\/pages\/211"}],"collection":[{"href":"https:\/\/test4.forum-5w.ch\/index.php?rest_route=\/wp\/v2\/pages"}],"about":[{"href":"https:\/\/test4.forum-5w.ch\/index.php?rest_route=\/wp\/v2\/types\/page"}],"author":[{"embeddable":true,"href":"https:\/\/test4.forum-5w.ch\/index.php?rest_route=\/wp\/v2\/users\/2"}],"replies":[{"embeddable":true,"href":"https:\/\/test4.forum-5w.ch\/index.php?rest_route=%2Fwp%2Fv2%2Fcomments&post=211"}],"version-history":[{"count":11,"href":"https:\/\/test4.forum-5w.ch\/index.php?rest_route=\/wp\/v2\/pages\/211\/revisions"}],"predecessor-version":[{"id":655,"href":"https:\/\/test4.forum-5w.ch\/index.php?rest_route=\/wp\/v2\/pages\/211\/revisions\/655"}],"up":[{"embeddable":true,"href":"https:\/\/test4.forum-5w.ch\/index.php?rest_route=\/wp\/v2\/pages\/107"}],"wp:attachment":[{"href":"https:\/\/test4.forum-5w.ch\/index.php?rest_route=%2Fwp%2Fv2%2Fmedia&parent=211"}],"curies":[{"name":"wp","href":"https:\/\/api.w.org\/{rel}","templated":true}]}}