{"id":208,"date":"2016-05-01T14:30:21","date_gmt":"2016-05-01T14:30:21","guid":{"rendered":"http:\/\/test4.forum-5w.ch\/?page_id=208"},"modified":"2018-03-13T11:35:48","modified_gmt":"2018-03-13T09:35:48","slug":"rpk-stephan-braendli","status":"publish","type":"page","link":"https:\/\/test4.forum-5w.ch\/?page_id=208","title":{"rendered":"RPK Stephan Br\u00e4ndli"},"content":{"rendered":"<p>Seit den Wahlen 2010 vertritt Stephan Br\u00e4ndli\u00a0das Forum 5W in der Rechnungspr\u00fcfungskommission.<\/p>\n<p><a href=\"http:\/\/test4.forum-5w.ch\/wp-content\/uploads\/2018\/03\/Stephan-1-e1519995025949.jpg\"><img loading=\"lazy\" class=\"alignnone wp-image-650\" src=\"http:\/\/test4.forum-5w.ch\/wp-content\/uploads\/2018\/03\/Stephan-1-286x300.jpg\" alt=\"\" width=\"170\" height=\"178\" \/><\/a><\/p>\n<table width=\"832\">\n<tbody>\n<tr>\n<td width=\"185\"><strong>Vorname:<\/strong><\/td>\n<td width=\"648\">Stephan<\/td>\n<\/tr>\n<tr>\n<td width=\"185\"><strong>Nachname:<\/strong><\/td>\n<td width=\"648\">Br\u00e4ndli<\/td>\n<\/tr>\n<tr>\n<td width=\"185\"><strong>Jahrgang:<\/strong><\/td>\n<td width=\"648\">1963<\/td>\n<\/tr>\n<tr>\n<td width=\"185\"><strong>Familie:<\/strong><\/td>\n<td width=\"648\">Verheiratet<br \/>\nzwei Kinder (1995, 1997)<\/td>\n<\/tr>\n<tr>\n<td width=\"185\"><strong>Wohnort:<\/strong><\/td>\n<td width=\"648\">Zollikerberg (seit 1995)<\/td>\n<\/tr>\n<tr>\n<td width=\"185\"><strong>Amt:<\/strong><\/td>\n<td width=\"648\">Rechnungspr\u00fcfungskommission<\/td>\n<\/tr>\n<tr>\n<td width=\"185\"><strong>Motivation:<\/strong><\/td>\n<td width=\"648\">\u201cMit Erfahrung und Herzblut die Finanzen von Zollikon auf die Zukunft ausrichten.\u201d<\/p>\n<p>Zollikon ist verschuldet. Mit einer zukunftsgerichteten Liegenschafts- und Steuerpolitik kann das korrigiert werden. Mein Nein zur anstehenden Einzelinitiative Widmer ist dabei nur logisch. Weitere Grossinvestitionen der n\u00e4chsten Jahre &#8211; wie zum Beispiel beim Fohrbach &#8211; m\u00fcssen gut daraufhin gepr\u00fcft werden, wie sie am besten dem Gemeinwohl von uns Zollikerinnen und Zolliker dienen. Echte Mehrleistungen der Gemeinde sollen kosteng\u00fcnstig und nicht alleine zulasten von nachfolgenden Generationen finanziert werden. Auch wegen dem hohen Risiko f\u00fcr zuk\u00fcnftige Zinslasten sollen in den n\u00e4chsten vier Jahren die Grundlagen f\u00fcr eine mittelfristige Entschuldung von Zollikon geschaffen werden.<\/p>\n<p>Stets der Sache verpflichtet m\u00f6chte ich nach acht Jahren RPK-T\u00e4tigkeit weiterhin meine fachlichen Kenntnisse gewinnbringend f\u00fcr Zollikon einsetzen.<\/p>\n<p>Haben Sie eine Frage an Stephan Br\u00e4ndli? Dann schreiben Sie doch eine E-Mail an folgende Adresse: <a href=\"mailto:stephan.braendli@forum-5w.ch\">stephan.braendli@forum-5w.ch<\/a><\/td>\n<\/tr>\n<\/tbody>\n<\/table>\n","protected":false},"excerpt":{"rendered":"<div class=\"mh-excerpt\"><p>Seit den Wahlen 2010 vertritt Stephan Br\u00e4ndli\u00a0das Forum 5W in der Rechnungspr\u00fcfungskommission. Vorname: Stephan Nachname: Br\u00e4ndli Jahrgang: 1963 Familie: Verheiratet zwei Kinder (1995, 1997) Wohnort: Zollikerberg (seit 1995) Amt: Rechnungspr\u00fcfungskommission Motivation: \u201cMit Erfahrung und Herzblut <a class=\"mh-excerpt-more\" href=\"https:\/\/test4.forum-5w.ch\/?page_id=208\" title=\"RPK Stephan Br\u00e4ndli\">[&#8230;]<\/a><\/p>\n<\/div>","protected":false},"author":2,"featured_media":0,"parent":107,"menu_order":0,"comment_status":"closed","ping_status":"closed","template":"","meta":[],"_links":{"self":[{"href":"https:\/\/test4.forum-5w.ch\/index.php?rest_route=\/wp\/v2\/pages\/208"}],"collection":[{"href":"https:\/\/test4.forum-5w.ch\/index.php?rest_route=\/wp\/v2\/pages"}],"about":[{"href":"https:\/\/test4.forum-5w.ch\/index.php?rest_route=\/wp\/v2\/types\/page"}],"author":[{"embeddable":true,"href":"https:\/\/test4.forum-5w.ch\/index.php?rest_route=\/wp\/v2\/users\/2"}],"replies":[{"embeddable":true,"href":"https:\/\/test4.forum-5w.ch\/index.php?rest_route=%2Fwp%2Fv2%2Fcomments&post=208"}],"version-history":[{"count":10,"href":"https:\/\/test4.forum-5w.ch\/index.php?rest_route=\/wp\/v2\/pages\/208\/revisions"}],"predecessor-version":[{"id":672,"href":"https:\/\/test4.forum-5w.ch\/index.php?rest_route=\/wp\/v2\/pages\/208\/revisions\/672"}],"up":[{"embeddable":true,"href":"https:\/\/test4.forum-5w.ch\/index.php?rest_route=\/wp\/v2\/pages\/107"}],"wp:attachment":[{"href":"https:\/\/test4.forum-5w.ch\/index.php?rest_route=%2Fwp%2Fv2%2Fmedia&parent=208"}],"curies":[{"name":"wp","href":"https:\/\/api.w.org\/{rel}","templated":true}]}}