{"id":183,"date":"2016-04-18T18:15:31","date_gmt":"2016-04-18T16:15:31","guid":{"rendered":"http:\/\/test4.forum-5w.ch\/?page_id=183"},"modified":"2017-02-08T18:57:31","modified_gmt":"2017-02-08T16:57:31","slug":"naherholungs-gebiet","status":"publish","type":"page","link":"https:\/\/test4.forum-5w.ch\/?page_id=183","title":{"rendered":"Naherholungs-Gebiet"},"content":{"rendered":"<p>Die Gemeinde verf\u00fcgt \u00fcber eine ausgedehntes Naherholungsgebiet mit grossen Waldanteil. Die Inititaten, hervorgegangen aus der Zukunftskonferenz 2007\/08 fordern nun einen verst\u00e4rkten Augenmerk auf die\u00a0etwas intensivere Pflege dieser Fl\u00e4chen.<\/p>\n<p>Das Forum 5W begr\u00fcsst prima vista die St\u00e4rkung dieses &#8220;lokalen Pluspunktes&#8221; und steht der Inititative wohlwollend gegen\u00fcber.<\/p>\n<p>Hier angef\u00fcgt die Initiative:\u00a0<a href=\"http:\/\/test4.forum-5w.ch\/wp-content\/uploads\/2016\/04\/Einzelinitiative-Schneider-Wald-und-Landschaftskommission-d.pdf\" target=\"_blank\">Einzelinitiative Schneider Wald- und Landschaftskommission d<\/a><\/p>\n<p>Das Forum 5W wird das Thema besprechen und eine entsprechende Abstimmungsempfehlung kommunizieren.<\/p>\n","protected":false},"excerpt":{"rendered":"<div class=\"mh-excerpt\"><p>Die Gemeinde verf\u00fcgt \u00fcber eine ausgedehntes Naherholungsgebiet mit grossen Waldanteil. Die Inititaten, hervorgegangen aus der Zukunftskonferenz 2007\/08 fordern nun einen verst\u00e4rkten Augenmerk auf die\u00a0etwas intensivere Pflege dieser Fl\u00e4chen. Das Forum 5W begr\u00fcsst prima vista die <a class=\"mh-excerpt-more\" href=\"https:\/\/test4.forum-5w.ch\/?page_id=183\" title=\"Naherholungs-Gebiet\">[&#8230;]<\/a><\/p>\n<\/div>","protected":false},"author":2,"featured_media":0,"parent":53,"menu_order":0,"comment_status":"open","ping_status":"closed","template":"template-full.php","meta":[],"_links":{"self":[{"href":"https:\/\/test4.forum-5w.ch\/index.php?rest_route=\/wp\/v2\/pages\/183"}],"collection":[{"href":"https:\/\/test4.forum-5w.ch\/index.php?rest_route=\/wp\/v2\/pages"}],"about":[{"href":"https:\/\/test4.forum-5w.ch\/index.php?rest_route=\/wp\/v2\/types\/page"}],"author":[{"embeddable":true,"href":"https:\/\/test4.forum-5w.ch\/index.php?rest_route=\/wp\/v2\/users\/2"}],"replies":[{"embeddable":true,"href":"https:\/\/test4.forum-5w.ch\/index.php?rest_route=%2Fwp%2Fv2%2Fcomments&post=183"}],"version-history":[{"count":8,"href":"https:\/\/test4.forum-5w.ch\/index.php?rest_route=\/wp\/v2\/pages\/183\/revisions"}],"predecessor-version":[{"id":435,"href":"https:\/\/test4.forum-5w.ch\/index.php?rest_route=\/wp\/v2\/pages\/183\/revisions\/435"}],"up":[{"embeddable":true,"href":"https:\/\/test4.forum-5w.ch\/index.php?rest_route=\/wp\/v2\/pages\/53"}],"wp:attachment":[{"href":"https:\/\/test4.forum-5w.ch\/index.php?rest_route=%2Fwp%2Fv2%2Fmedia&parent=183"}],"curies":[{"name":"wp","href":"https:\/\/api.w.org\/{rel}","templated":true}]}}